{"id":1328,"date":"2021-09-27T12:51:54","date_gmt":"2021-09-27T12:51:54","guid":{"rendered":"https:\/\/rx4-test.com\/proyectos\/filsuites\/ubicacion\/"},"modified":"2022-08-19T11:10:03","modified_gmt":"2022-08-19T11:10:03","slug":"emplacement","status":"publish","type":"page","link":"https:\/\/filsuites.com\/fr\/emplacement\/","title":{"rendered":"Emplacement"},"content":{"rendered":"<div class=\"fusion-fullwidth fullwidth-box fusion-builder-row-1 fusion-flex-container hundred-percent-fullwidth non-hundred-percent-height-scrolling\" style=\"background-color: rgba(255,255,255,0);background-position: center center;background-repeat: no-repeat;border-width: 0px 0px 0px 0px;border-color:#e2e2e2;border-style:solid;\" id=\"apartamentos\" ><div class=\"fusion-builder-row fusion-row fusion-flex-align-items-center\" style=\"width:104% !important;max-width:104% !important;margin-left: calc(-4% \/ 2 );margin-right: calc(-4% \/ 2 );\"><div class=\"fusion-layout-column fusion_builder_column fusion-builder-column-0 fusion_builder_column_3_5 3_5 fusion-flex-column\"><div class=\"fusion-column-wrapper fusion-flex-justify-content-flex-start fusion-content-layout-column\" style=\"background-position:left top;background-repeat:no-repeat;-webkit-background-size:cover;-moz-background-size:cover;-o-background-size:cover;background-size:cover;padding: 0px 0px 0px 0px;\"><div class=\"fusion-text fusion-text-1 fusion-no-small-visibility fusion-text-no-margin\"><p><iframe style=\"border: 0;\" src=\"https:\/\/www.google.com\/maps\/embed?pb=!1m18!1m12!1m3!1d3075.4984797079032!2d2.652707515370393!3d39.57091457947239!2m3!1f0!2f0!3f0!3m2!1i1024!2i768!4f13.1!3m3!1m2!1s0x12979252149b9c87%3A0x81b586812a3413f8!2sFil%20Suites!5e0!3m2!1ses!2ses!4v1634121796363!5m2!1ses!2ses\" width=\"100%\" height=\"800\" allowfullscreen=\"allowfullscreen\"><\/iframe><\/p>\n<\/div><div class=\"fusion-text fusion-text-2 fusion-no-medium-visibility fusion-no-large-visibility fusion-text-no-margin\"><p><iframe style=\"border: 0;\" src=\"https:\/\/www.google.com\/maps\/embed?pb=!1m18!1m12!1m3!1d3075.4984797079032!2d2.652707515370393!3d39.57091457947239!2m3!1f0!2f0!3f0!3m2!1i1024!2i768!4f13.1!3m3!1m2!1s0x12979252149b9c87%3A0x81b586812a3413f8!2sFil%20Suites!5e0!3m2!1ses!2ses!4v1634121796363!5m2!1ses!2ses\" width=\"100%\" height=\"500\" allowfullscreen=\"allowfullscreen\"><\/iframe><\/p>\n<\/div><\/div><style type=\"text\/css\">.fusion-body .fusion-builder-column-0{width:60% !important;margin-top : 0px;margin-bottom : 0px;}.fusion-builder-column-0 > .fusion-column-wrapper {padding-top : 0px !important;padding-right : 0px !important;margin-right : 3.2%;padding-bottom : 0px !important;padding-left : 0px !important;margin-left : 3.2%;}@media only screen and (max-width:1024px) {.fusion-body .fusion-builder-column-0{width:60% !important;order : 0;}.fusion-builder-column-0 > .fusion-column-wrapper {margin-right : 3.2%;margin-left : 3.2%;}}@media only screen and (max-width:900px) {.fusion-body .fusion-builder-column-0{width:100% !important;order : 0;}.fusion-builder-column-0 > .fusion-column-wrapper {margin-right : 1.92%;margin-left : 1.92%;}}<\/style><\/div><div class=\"fusion-layout-column fusion_builder_column fusion-builder-column-1 fusion_builder_column_2_5 2_5 fusion-flex-column fusion-animated\" data-animationType=\"fadeIn\" data-animationDuration=\"1.3\" data-animationOffset=\"top-into-view\"><div class=\"fusion-column-wrapper fusion-flex-justify-content-flex-start fusion-content-layout-column\" style=\"background-position:left top;background-repeat:no-repeat;-webkit-background-size:cover;-moz-background-size:cover;-o-background-size:cover;background-size:cover;padding: 0px 0px 0px 0px;\"><div class=\"fusion-separator fusion-full-width-sep\" style=\"align-self: center;margin-left: auto;margin-right: auto;margin-top:20px;width:100%;\"><\/div><style type=\"text\/css\">@media only screen and (max-width:1024px) {.fusion-title.fusion-title-1{margin-top:10px!important; margin-right:0px!important;margin-bottom:15px!important;margin-left:0px!important;}}@media only screen and (max-width:900px) {.fusion-title.fusion-title-1{margin-top:10px!important; margin-right:0px!important;margin-bottom:10px!important; margin-left:0px!important;}}<\/style><div class=\"fusion-title title fusion-title-1 fusion-sep-none fusion-title-text fusion-title-size-one\" style=\"margin-top:10px;margin-right:0px;margin-bottom:15px;margin-left:0px;\"><h1 class=\"title-heading-left fusion-responsive-typography-calculated\" style=\"margin:0;text-transform:uppercase;color:var(--awb-color5);--fontSize:35;line-height:1.2;\">Emplacement de l&rsquo;h\u00f4tel<\/h1><\/div><div class=\"fusion-separator\" style=\"align-self: flex-start;margin-right:auto;margin-bottom:20px;width:100%;max-width:1px;\" id=\"linea-izquierda\"><div class=\"fusion-separator-border sep-single sep-solid\" style=\"border-color:var(--awb-color5);border-top-width:20px;\"><\/div><\/div><div class=\"fusion-text fusion-text-3\"><p>FIL Suites est situ\u00e9 en plein centre de la ville de Palma, dans le centre historique de la ville, et est donc tr\u00e8s accessible. En outre, si vous avez besoin d&rsquo;une attention particuli\u00e8re ou si vous avez des questions, vous pouvez contacter l&rsquo;\u00e9quipe par t\u00e9l\u00e9phone ou par courrier \u00e9lectronique.<\/p>\n<\/div><style type=\"text\/css\">@media only screen and (max-width:1024px) {.fusion-title.fusion-title-2{margin-top:10px!important; margin-right:0px!important;margin-bottom:15px!important;margin-left:0px!important;}}@media only screen and (max-width:900px) {.fusion-title.fusion-title-2{margin-top:10px!important; margin-right:0px!important;margin-bottom:10px!important; margin-left:0px!important;}}<\/style><div class=\"fusion-title title fusion-title-2 fusion-sep-none fusion-title-text fusion-title-size-four\" style=\"font-size:14px;margin-top:10px;margin-right:0px;margin-bottom:15px;margin-left:0px;\"><h4 class=\"title-heading-left fusion-responsive-typography-calculated\" style=\"margin:0;font-size:1em;color:var(--awb-color5);--fontSize:14;--minFontSize:14px;line-height:1.3;\"><p>CARRER FERRERIA, 14, 07002 PALMA, MALLORCA<br \/>\n<a href=\"mailto:info@filsuites.com\">INFO@FILSUITES.COM<\/a><br \/>\n<a href=\"tel:+34871520770\">+34 660 690 696<\/a><\/p><\/h4><\/div><\/div><style type=\"text\/css\">.fusion-body .fusion-builder-column-1{width:40% !important;margin-top : 0px;margin-bottom : 0px;}.fusion-builder-column-1 > .fusion-column-wrapper {padding-top : 0px !important;padding-right : 0px !important;margin-right : 4.8%;padding-bottom : 0px !important;padding-left : 0px !important;margin-left : 4.8%;}@media only screen and (max-width:1024px) {.fusion-body .fusion-builder-column-1{width:40% !important;order : 0;}.fusion-builder-column-1 > .fusion-column-wrapper {margin-right : 4.8%;margin-left : 4.8%;}}@media only screen and (max-width:900px) {.fusion-body .fusion-builder-column-1{width:100% !important;order : 0;}.fusion-builder-column-1 > .fusion-column-wrapper {margin-right : 1.92%;margin-left : 1.92%;}}<\/style><\/div><\/div><style type=\"text\/css\">.fusion-fullwidth.fusion-builder-row-1 a:not(.awb-custom-text-color):not(.fusion-button):not(.fusion-builder-module-control):not(.fusion-social-network-icon):not(.fb-icon-element):not(.fusion-countdown-link):not(.fusion-rollover-link):not(.fusion-rollover-gallery):not(.fusion-button-bar):not(.add_to_cart_button):not(.show_details_button):not(.product_type_external):not(.fusion-view-cart):not(.fusion-quick-view):not(.fusion-rollover-title-link):not(.fusion-breadcrumb-link) , .fusion-fullwidth.fusion-builder-row-1 a:not(.awb-custom-text-color):not(.fusion-button):not(.fusion-builder-module-control):not(.fusion-social-network-icon):not(.fb-icon-element):not(.fusion-countdown-link):not(.fusion-rollover-link):not(.fusion-rollover-gallery):not(.fusion-button-bar):not(.add_to_cart_button):not(.show_details_button):not(.product_type_external):not(.fusion-view-cart):not(.fusion-quick-view):not(.fusion-rollover-title-link):not(.fusion-breadcrumb-link):before, .fusion-fullwidth.fusion-builder-row-1 a:not(.awb-custom-text-color):not(.fusion-button):not(.fusion-builder-module-control):not(.fusion-social-network-icon):not(.fb-icon-element):not(.fusion-countdown-link):not(.fusion-rollover-link):not(.fusion-rollover-gallery):not(.fusion-button-bar):not(.add_to_cart_button):not(.show_details_button):not(.product_type_external):not(.fusion-view-cart):not(.fusion-quick-view):not(.fusion-rollover-title-link):not(.fusion-breadcrumb-link):after {color: var(--awb-color5);}.fusion-body .fusion-flex-container.fusion-builder-row-1{ padding-top : 0px;margin-top : 0px;padding-right : 20%;padding-bottom : 0px;margin-bottom : 0px;padding-left : 0px;}@media only screen and (max-width:900px) {.fusion-body .fusion-flex-container.fusion-builder-row-1{ padding-top : 40px;padding-right : 30px;padding-bottom : 80px;padding-left : 30px;}}<\/style><\/div>\n","protected":false},"excerpt":{"rendered":"","protected":false},"author":1,"featured_media":0,"parent":0,"menu_order":0,"comment_status":"closed","ping_status":"closed","template":"100-width.php","meta":{"inline_featured_image":false,"footnotes":""},"class_list":["post-1328","page","type-page","status-publish","hentry"],"yoast_head":"<!-- This site is optimized with the Yoast SEO plugin v18.2 - https:\/\/yoast.com\/wordpress\/plugins\/seo\/ -->\n<title>Emplacement de l&#039;h\u00f4tel | FIL Suites<\/title>\n<meta name=\"description\" content=\"FIL Suites se encuentra en pleno centro de la ciudad de Palma, en el mismo casco hist\u00f3rico, y por ello dispone de una gran accesibilidad.\" \/>\n<meta name=\"robots\" content=\"index, follow, max-snippet:-1, max-image-preview:large, max-video-preview:-1\" \/>\n<link rel=\"canonical\" href=\"https:\/\/filsuites.com\/fr\/emplacement\/\" \/>\n<meta property=\"og:locale\" content=\"fr_FR\" \/>\n<meta property=\"og:type\" content=\"article\" \/>\n<meta property=\"og:title\" content=\"Emplacement de l&#039;h\u00f4tel | FIL Suites\" \/>\n<meta property=\"og:description\" content=\"FIL Suites se encuentra en pleno centro de la ciudad de Palma, en el mismo casco hist\u00f3rico, y por ello dispone de una gran accesibilidad.\" \/>\n<meta property=\"og:url\" content=\"https:\/\/filsuites.com\/fr\/emplacement\/\" \/>\n<meta property=\"og:site_name\" content=\"Fil Suites\" \/>\n<meta property=\"article:modified_time\" content=\"2022-08-19T11:10:03+00:00\" \/>\n<meta name=\"twitter:card\" content=\"summary_large_image\" \/>\n<meta name=\"twitter:label1\" content=\"Dur\u00e9e de lecture estim\u00e9e\" \/>\n\t<meta name=\"twitter:data1\" content=\"3 minutes\" \/>\n<script type=\"application\/ld+json\" class=\"yoast-schema-graph\">{\"@context\":\"https:\/\/schema.org\",\"@graph\":[{\"@type\":\"WebSite\",\"@id\":\"https:\/\/filsuites.com\/#website\",\"url\":\"https:\/\/filsuites.com\/\",\"name\":\"Fil Suites\",\"description\":\"\",\"potentialAction\":[{\"@type\":\"SearchAction\",\"target\":{\"@type\":\"EntryPoint\",\"urlTemplate\":\"https:\/\/filsuites.com\/?s={search_term_string}\"},\"query-input\":\"required name=search_term_string\"}],\"inLanguage\":\"fr-FR\"},{\"@type\":\"WebPage\",\"@id\":\"https:\/\/filsuites.com\/fr\/emplacement\/#webpage\",\"url\":\"https:\/\/filsuites.com\/fr\/emplacement\/\",\"name\":\"Emplacement de l'h\u00f4tel | FIL Suites\",\"isPartOf\":{\"@id\":\"https:\/\/filsuites.com\/#website\"},\"datePublished\":\"2021-09-27T12:51:54+00:00\",\"dateModified\":\"2022-08-19T11:10:03+00:00\",\"description\":\"FIL Suites se encuentra en pleno centro de la ciudad de Palma, en el mismo casco hist\u00f3rico, y por ello dispone de una gran accesibilidad.\",\"breadcrumb\":{\"@id\":\"https:\/\/filsuites.com\/fr\/emplacement\/#breadcrumb\"},\"inLanguage\":\"fr-FR\",\"potentialAction\":[{\"@type\":\"ReadAction\",\"target\":[\"https:\/\/filsuites.com\/fr\/emplacement\/\"]}]},{\"@type\":\"BreadcrumbList\",\"@id\":\"https:\/\/filsuites.com\/fr\/emplacement\/#breadcrumb\",\"itemListElement\":[{\"@type\":\"ListItem\",\"position\":1,\"name\":\"Portada\",\"item\":\"https:\/\/filsuites.com\/fr\/\"},{\"@type\":\"ListItem\",\"position\":2,\"name\":\"Emplacement\"}]}]}<\/script>\n<!-- \/ Yoast SEO plugin. -->","yoast_head_json":{"title":"Emplacement de l'h\u00f4tel | FIL Suites","description":"FIL Suites se encuentra en pleno centro de la ciudad de Palma, en el mismo casco hist\u00f3rico, y por ello dispone de una gran accesibilidad.","robots":{"index":"index","follow":"follow","max-snippet":"max-snippet:-1","max-image-preview":"max-image-preview:large","max-video-preview":"max-video-preview:-1"},"canonical":"https:\/\/filsuites.com\/fr\/emplacement\/","og_locale":"fr_FR","og_type":"article","og_title":"Emplacement de l'h\u00f4tel | FIL Suites","og_description":"FIL Suites se encuentra en pleno centro de la ciudad de Palma, en el mismo casco hist\u00f3rico, y por ello dispone de una gran accesibilidad.","og_url":"https:\/\/filsuites.com\/fr\/emplacement\/","og_site_name":"Fil Suites","article_modified_time":"2022-08-19T11:10:03+00:00","twitter_card":"summary_large_image","twitter_misc":{"Dur\u00e9e de lecture estim\u00e9e":"3 minutes"},"schema":{"@context":"https:\/\/schema.org","@graph":[{"@type":"WebSite","@id":"https:\/\/filsuites.com\/#website","url":"https:\/\/filsuites.com\/","name":"Fil Suites","description":"","potentialAction":[{"@type":"SearchAction","target":{"@type":"EntryPoint","urlTemplate":"https:\/\/filsuites.com\/?s={search_term_string}"},"query-input":"required name=search_term_string"}],"inLanguage":"fr-FR"},{"@type":"WebPage","@id":"https:\/\/filsuites.com\/fr\/emplacement\/#webpage","url":"https:\/\/filsuites.com\/fr\/emplacement\/","name":"Emplacement de l'h\u00f4tel | FIL Suites","isPartOf":{"@id":"https:\/\/filsuites.com\/#website"},"datePublished":"2021-09-27T12:51:54+00:00","dateModified":"2022-08-19T11:10:03+00:00","description":"FIL Suites se encuentra en pleno centro de la ciudad de Palma, en el mismo casco hist\u00f3rico, y por ello dispone de una gran accesibilidad.","breadcrumb":{"@id":"https:\/\/filsuites.com\/fr\/emplacement\/#breadcrumb"},"inLanguage":"fr-FR","potentialAction":[{"@type":"ReadAction","target":["https:\/\/filsuites.com\/fr\/emplacement\/"]}]},{"@type":"BreadcrumbList","@id":"https:\/\/filsuites.com\/fr\/emplacement\/#breadcrumb","itemListElement":[{"@type":"ListItem","position":1,"name":"Portada","item":"https:\/\/filsuites.com\/fr\/"},{"@type":"ListItem","position":2,"name":"Emplacement"}]}]}},"_links":{"self":[{"href":"https:\/\/filsuites.com\/fr\/wp-json\/wp\/v2\/pages\/1328","targetHints":{"allow":["GET"]}}],"collection":[{"href":"https:\/\/filsuites.com\/fr\/wp-json\/wp\/v2\/pages"}],"about":[{"href":"https:\/\/filsuites.com\/fr\/wp-json\/wp\/v2\/types\/page"}],"author":[{"embeddable":true,"href":"https:\/\/filsuites.com\/fr\/wp-json\/wp\/v2\/users\/1"}],"replies":[{"embeddable":true,"href":"https:\/\/filsuites.com\/fr\/wp-json\/wp\/v2\/comments?post=1328"}],"version-history":[{"count":0,"href":"https:\/\/filsuites.com\/fr\/wp-json\/wp\/v2\/pages\/1328\/revisions"}],"wp:attachment":[{"href":"https:\/\/filsuites.com\/fr\/wp-json\/wp\/v2\/media?parent=1328"}],"curies":[{"name":"wp","href":"https:\/\/api.w.org\/{rel}","templated":true}]}}